{"id":97,"date":"2023-09-27T13:45:33","date_gmt":"2023-09-27T11:45:33","guid":{"rendered":"https:\/\/maisondebartek.eu\/?page_id=97"},"modified":"2023-12-19T10:49:55","modified_gmt":"2023-12-19T09:49:55","slug":"associations-dont-bartek-faisait-partie","status":"publish","type":"page","link":"https:\/\/maisondebartek.eu\/?page_id=97","title":{"rendered":"Associations dont Bartek faisait partie"},"content":{"rendered":"\n<p>(on sait qu&rsquo;il faisait partie d&rsquo;une vingtaine d&rsquo;associations) :<\/p>\n\n\n\n<ul class=\"wp-block-list\">\n<li>la Maison des associations<\/li>\n\n\n\n<li>radio Les d\u00e9fricheurs<\/li>\n\n\n\n<li>radio MNE, radio quetsch<\/li>\n\n\n\n<li>radio Euphonica<\/li>\n\n\n\n<li>danses wiosna hongroises \/ polonaises<\/li>\n\n\n\n<li>association colomienne Caf\u00e9 con leche<\/li>\n\n\n\n<li>association palestinienne<\/li>\n\n\n\n<li>Strasbulles<\/li>\n\n\n\n<li>aide aux r\u00e9fugi\u00e9s<\/li>\n\n\n\n<li>v\u00e9lostation<\/li>\n\n\n\n<li>des associations \u00e9cologistes<\/li>\n\n\n\n<li>Maison du monde<\/li>\n\n\n\n<li>Maison Mimir<\/li>\n\n\n\n<li>&#8230; fa\u00eetes-nous signe si vous en connaissez d&rsquo;autres&#8230;<\/li>\n<\/ul>\n\n\n\n<ul class=\"wp-block-list\">\n<li>La commission europ\u00e9enne remet chaque ann\u00e9e \u00e0 Bruxelles, des prix aux jeunes journalistes, le prix Megalizzi-Niedzielski, nomm\u00e9 en hommage \u00e0 Bartek et son ami Antonio, tous deux tomb\u00e9s lors de l\u2019attaque du 11\/12\/2018.<br>Voir\u00a0<a href=\"https:\/\/ec.europa.eu\/regional_policy\/policy\/communication\/partnership-with-media\/megalizzi-niedzielski-prize_en\">https:\/\/ec.europa.eu\/regional_policy\/policy\/communication\/partnership-with-media\/megalizzi-niedzielski-prize_en<\/a><\/li>\n<\/ul>\n\n\n\n<ul class=\"wp-block-list\">\n<li>Le studio radio du Parlement europ\u00e9en \u00e0 Strasbourg, renomm\u00e9 en l\u2019honneur de Bartosz Orent-Niedzielski et Antonio Megalizzi :&nbsp;<a href=\"https:\/\/www.europarl.europa.eu\/news\/fr\/press-room\/20190211IPR25764\/le-studio-radio-du-pe-porte-le-nom-des-victimes-de-l-attentat-de-decembre\" target=\"_blank\" rel=\"noreferrer noopener\">https:\/\/www.europarl.europa.eu\/news\/fr\/press-room\/20190211IPR25764\/le-studio-radio-du-pe-porte-le-nom-des-victimes-de-l-attentat-de-decembre<\/a><\/li>\n<\/ul>\n","protected":false},"excerpt":{"rendered":"<p>(on sait qu&rsquo;il faisait partie d&rsquo;une vingtaine d&rsquo;associations) :<\/p>\n","protected":false},"author":1,"featured_media":0,"parent":0,"menu_order":0,"comment_status":"closed","ping_status":"closed","template":"","meta":{"footnotes":""},"class_list":["post-97","page","type-page","status-publish","hentry"],"_links":{"self":[{"href":"https:\/\/maisondebartek.eu\/index.php?rest_route=\/wp\/v2\/pages\/97","targetHints":{"allow":["GET"]}}],"collection":[{"href":"https:\/\/maisondebartek.eu\/index.php?rest_route=\/wp\/v2\/pages"}],"about":[{"href":"https:\/\/maisondebartek.eu\/index.php?rest_route=\/wp\/v2\/types\/page"}],"author":[{"embeddable":true,"href":"https:\/\/maisondebartek.eu\/index.php?rest_route=\/wp\/v2\/users\/1"}],"replies":[{"embeddable":true,"href":"https:\/\/maisondebartek.eu\/index.php?rest_route=%2Fwp%2Fv2%2Fcomments&post=97"}],"version-history":[{"count":3,"href":"https:\/\/maisondebartek.eu\/index.php?rest_route=\/wp\/v2\/pages\/97\/revisions"}],"predecessor-version":[{"id":552,"href":"https:\/\/maisondebartek.eu\/index.php?rest_route=\/wp\/v2\/pages\/97\/revisions\/552"}],"wp:attachment":[{"href":"https:\/\/maisondebartek.eu\/index.php?rest_route=%2Fwp%2Fv2%2Fmedia&parent=97"}],"curies":[{"name":"wp","href":"https:\/\/api.w.org\/{rel}","templated":true}]}}