{"id":58,"date":"2023-08-31T12:21:49","date_gmt":"2023-08-31T10:21:49","guid":{"rendered":"http:\/\/maisondebartek.eu\/?page_id=58"},"modified":"2023-08-31T12:34:09","modified_gmt":"2023-08-31T10:34:09","slug":"concept","status":"publish","type":"page","link":"https:\/\/maisondebartek.eu\/?page_id=58","title":{"rendered":"Concept de la Maison de Bartek"},"content":{"rendered":"\n<p><strong><u>Description du projet<\/u><\/strong><\/p>\n\n\n\n<p>Cr\u00e9ation d\u2019un espace convivial de rencontres, d\u2019\u00e9changes et d\u2019actions culturelles, \u00e9ducatives et sociales. Notre approche holistique permet, dans un m\u00eame endroit, de r\u00e9unir et d\u00e9velopper tous les aspects de la vie saine et \u00e9co-responsable.<\/p>\n\n\n\n<p>A travers ses diverses actions, ce lieu veut promouvoir la prise de conscience individuelle et collective, les gestes \u00e0 la fois cr\u00e9atifs et responsables envers notre environnement imm\u00e9diat et l\u2019environnement au sens large. Les activit\u00e9s propos\u00e9es ont pour objectif de stimuler le d\u00e9veloppement du corps et de l\u2019\u00e2me&nbsp;; d\u00e9velopper la cr\u00e9ativit\u00e9 au quotidien et mettre diff\u00e9rentes formes d\u2019art \u00e0 la port\u00e9e de chacun.<\/p>\n\n\n\n<p>Ce lieu se veut aussi f\u00e9d\u00e9rateur et permet la synergie des initiatives locales d\u2019int\u00e9r\u00eat g\u00e9n\u00e9ral, de favoriser les d\u00e9marches citoyennes collectives, le lien social et interg\u00e9n\u00e9rationnel autour des projets collectifs (sur le th\u00e8me de l\u2019\u00e9ducation, l\u2019environnement, le recyclage cr\u00e9atif, la citoyennet\u00e9, la sant\u00e9 et le bien-\u00eatre, l\u2019alimentation\u2026), de l\u2019acc\u00e8s \u00e0 la culture \u00e0 tous au service de la population.<\/p>\n\n\n\n<p>La Maison de Bartek permettra ainsi de perp\u00e9tuer la m\u00e9moire et les valeurs de Bartek.<\/p>\n\n\n\n<p><strong><u>Les principes et valeurs de Bartek<\/u><\/strong><\/p>\n\n\n\n<p>Bartek a toujours \u00e9t\u00e9 tr\u00e8s engag\u00e9 dans des associations locales de tout type&nbsp;: culturelle, humanitaire, radios locales\u2026et dans de nombreux \u00e9v\u00e8nements&nbsp;: organisation des Strasbulles (Festival Europ\u00e9en de la Bande Dessin\u00e9e), spectacles de danses folkloriques\u2026<\/p>\n\n\n\n<p>Partage, humanit\u00e9, interculturalit\u00e9, patrimoine et h\u00e9ritage culturel, \u00e9changes, gestes \u00e9cologiques, pas de gaspillage, amour de l\u2019autre sans pr\u00e9jug\u00e9, aide aux plus d\u00e9munis, musique comme moyen de partage. Bartek = \u00e9tincelle, propulseur d\u2019id\u00e9es, connecteur des gens et projets, moteur de changement.<\/p>\n\n\n\n<p>Agir pour le bien des gens, de la communaut\u00e9 et de la collectivit\u00e9, am\u00e9liorer le quotidien des habitants de Strasbourg en impulsant des valeurs de solidarit\u00e9, partage d\u2019exp\u00e9riences, de l\u2019art, des savoirs faires. Mettre l\u2019humain au c\u0153ur des probl\u00e9matiques sur les th\u00e9matiques de l\u2019environnement et du mieux-vivre tout en participant au dynamisme de l\u2019\u00e9conomie locale en visant la rentabilit\u00e9 du projet.<\/p>\n\n\n\n<p><strong><u>La Maison de Bartek en 7 points<\/u><\/strong><\/p>\n\n\n\n<p>Une maison avec jardin, parking, id\u00e9alement dans Strasbourg m\u00eame ou \u00e9ventuellement dans un quartier desservi par le tram.<\/p>\n\n\n\n<p>Assez grande pour contenir un espace concerts\/spectacles, une galerie, une grande salle \u00e0 manger et une cuisine, des espaces pour les activit\u00e9s collectives, logements pour 20 visiteurs, espace pour les t\u00e2ches administratives.<\/p>\n\n\n\n<p>L\u2019am\u00e9nagement du lieu sera collectif. Seront utilis\u00e9s le mobilier et objets du logement de Bartek, ainsi que le mobilier et la d\u00e9coration offerts par ses amis et toutes personnes souhaitant faire un don.<\/p>\n\n\n\n<ol class=\"wp-block-list\" type=\"1\"><li><strong><u>Espace h\u00e9bergement<\/u><\/strong><\/li><\/ol>\n\n\n\n<p>Accueil des jeunes journalistes parlementaires (en m\u00e9moire d\u2019Antonio et du lien de Bartek avec les m\u00e9dias parlementaires) lors des sessions du Parlement Europ\u00e9en.<\/p>\n\n\n\n<p>Accueil de la radio Europhonica (lien avec Bartek)<\/p>\n\n\n\n<p><strong>Auberge linguistique<\/strong><\/p>\n\n\n\n<ul class=\"wp-block-list\"><li>Pendant les p\u00e9riodes des cong\u00e9s scolaires, apprentissage de la langue \u00e0 travers (en plus des cours) une immersion dans la culture du pays et des excursions guid\u00e9es culturo-linguistiques,<\/li><li>Cours de langues avec possibilit\u00e9 d\u2019\u00eatre h\u00e9berg\u00e9 sur place,<\/li><li>Cours de langues ouverts aux strasbourgeois,<\/li><li>Cours de Fran\u00e7ais ouverts aux demandeurs d\u2019asile et immigrants.<\/li><\/ul>\n\n\n\n<ol class=\"wp-block-list\" start=\"2\"><li><strong><u>Espace bien-\u00eatre<\/u><\/strong><ul><li>Coin biblioth\u00e8que multilingue,<\/li><li>Ateliers et formations li\u00e9s au bien-\u00eatre du corps et de l\u2019esprit,<\/li><li>Ateliers et conf\u00e9rences li\u00e9s \u00e0 la vie quotidienne afin de permettre \u00e0 chacun de la rendre plus l\u00e9g\u00e8re et agr\u00e9able,<\/li><li>Espace d\u00e9tente.<\/li><\/ul><\/li><\/ol>\n\n\n\n<ol class=\"wp-block-list\" start=\"3\"><li><strong><u>La Cantine<\/u><\/strong><ul><li>Espace restauration avec cuisine et salle \u00e0 manger<\/li><li>Cuisine faite maison (salades, soupes, g\u00e2teaux), qualit\u00e9 nutritionnelle, produits locaux, initiation et prise de conscience sur les th\u00e8mes de l\u2019alimentation saine,<\/li><li>Ateliers culinaires mettant \u00e0 l\u2019honneur les cuisines du Monde.<\/li><\/ul><\/li><\/ol>\n\n\n\n<ol class=\"wp-block-list\" start=\"4\"><li><strong><u>Espace associatifs \/ musique \/ spectacles \/ danse<\/u><\/strong><ul><li>Grande salle pour conf\u00e9rences, formations, festivit\u00e9s. Espace d\u00e9di\u00e9 au partage, \u00e0 la convivialit\u00e9, nourriture pour le corps et l\u2019esprit. Espace mis \u00e9galement \u00e0 disposition des associations dans lesquelles Bartek \u00e9tait investi, ainsi que celles qui souhaiteront l\u2019utiliser.<\/li><li>Concerts, spectacles et performances d\u2019artistes \u00e9mergents et d\u2019horizons diff\u00e9rents.<\/li><\/ul><\/li><\/ol>\n\n\n\n<ol class=\"wp-block-list\" start=\"5\"><li><strong><u>Lieu de rencontres amicales et familiales<\/u><\/strong><ul><li>Soir\u00e9es\/journ\u00e9es dansantes, familiales et multig\u00e9n\u00e9rationnelles,<\/li><li>Ateliers \u00ab&nbsp;Cuisine du Monde&nbsp;\u00bb,<\/li><li>foires artistiques th\u00e9matiques,<\/li><li>journ\u00e9es d\u2019activit\u00e9s cr\u00e9atives et ludiques multig\u00e9n\u00e9rationnelles et familiales.<\/li><\/ul><\/li><\/ol>\n\n\n\n<ol class=\"wp-block-list\" start=\"6\"><li><strong><u>Gallerie de l\u2019art du recyclage cr\u00e9atif + Expos<\/u><\/strong><ul><li>Expositions<\/li><li>Artistes recyclage (dans le principe du non-gaspillage),<\/li><li>Artistes utilisant des mat\u00e9riaux naturels (argile, bois, m\u00e9tal,\u2026),<\/li><li>Ateliers artistiques d\u2019initiation<\/li><li>Recyclage cr\u00e9atif, r\u00e9utilisation cr\u00e9ative d\u2019un objet\u2026<\/li><li>Conf\u00e9rences et d\u00e9bats sur les th\u00e8mes du recyclage cr\u00e9atif et sur la restructuration cr\u00e9ative d\u2019objets<\/li><li>Actions ponctuelles&nbsp;:<ul><li>A destination des \u00e9coles&nbsp;: conf\u00e9rences + stages\/ateliers pour enfants,<\/li><li>A destination des familles&nbsp;: conf\u00e9rences + stages\/ateliers pour adultes et enfants,<\/li><li>concours artistiques,<\/li><li>rencontres scolaires avec les artistes (toujours sur la th\u00e9matique du recyclage cr\u00e9atif).<\/li><\/ul><\/li><\/ul><\/li><\/ol>\n\n\n\n<ol class=\"wp-block-list\" start=\"7\"><li><strong><u>Ext\u00e9rieur<\/u><\/strong><ul><li>Jardin avec culture de l\u00e9gumes en permaculture qui seront utilis\u00e9s dans l\u2019espace cuisine<\/li><li>Apprentissage des cultures respectueuses de l\u2019environnement&nbsp;: fruits, l\u00e9gumes, aromates, en milieu urbain,<\/li><li>Conf\u00e9rences sur la permaculture.<\/li><li>Espace de repos agenc\u00e9 au tour au bord d\u2019un point d\u2019eau<\/li><\/ul><\/li><\/ol>\n\n\n\n<p><strong><u>Description du porteur du projet&nbsp;: Dorota ORENT, m\u00e8re de Bartek<\/u><\/strong><\/p>\n\n\n\n<p>D\u00e8s le premier jour, quand je suis arriv\u00e9 \u00e0 Strasbourg pour la 1<sup>\u00e8re<\/sup> fois, je suis tomb\u00e9e amoureuse de cette ville. C\u2019\u00e9tait un coup de foudre. Jusqu\u2019\u00e0 maintenant, aucun homme n\u2019a eu une telle emprise sur moi et jamais je n\u2019ai \u00e9t\u00e9 aussi fid\u00e8le \u00e0 un homme. Le m\u00eame coup de foudre s\u2019est r\u00e9p\u00e9t\u00e9 lorsque Bartek a d\u00e9couvert Strasbourg pour la 1<sup>\u00e8re<\/sup> fois. C\u2019est cet amour pour la ville qui a ouvert notre amour pour ses habitants et cet environnement.<\/p>\n\n\n\n<p>En tant que psychoth\u00e9rapeute, j\u2019observe le malaise que vivent quotidiennement de tr\u00e8s nombreuses personnes, ainsi que l\u2019\u00e9tat de stress et de d\u00e9pression qui peut s\u2019en suivre. Je veux cr\u00e9er un espace qui propose \u00e0 la fois des formations, des ateliers et des conf\u00e9rences afin d\u2019aider tout un chacun \u00e0 retrouver l\u00e9g\u00e8ret\u00e9 et magie dans sa vie. C\u2019est cette vision de la Vie que j\u2019ai transmise \u00e0 mes fils et qu\u2019eux-m\u00eames transmettent \u00e0 leur entourage. La Vie peut par moment \u00eatre difficile, mais ce qui compte est notre \u00e9tat d\u2019esprit et notre perception des \u00e9v\u00e8nements.<\/p>\n\n\n\n<p>L\u2019important est de vivre sur cette belle plan\u00e8te et profiter de notre existence tout en nous respectant. Je tiens \u00e0 montrer que tout d\u00e9pend de nous, que vivre de mani\u00e8re responsable, consciente et respectueuse peut nous permettre de nous sentir mieux avec nous-m\u00eame et donc plus heureux.<\/p>\n\n\n\n<p>Nos origines n\u2019ont pas d\u2019importance, ce qui compte c\u2019est que nous vivons tous ensemble dans cette ville donc nous nous devons de partager notre cr\u00e9ativit\u00e9 et am\u00e9liorer notre quotidien pour le rendre plus agr\u00e9able, rendre notre vie commune dans la ville plus l\u00e9g\u00e8re et en cons\u00e9quence, redonner du sens \u00e0 notre vie.<\/p>\n\n\n\n<p>La \u00ab&nbsp;Maison de Bartek&nbsp;\u00bb a pour objectif de devenir un embl\u00e8me de Strasbourg et un exemple pour les autres villes. Nous souhaiterions que les actions men\u00e9es \u00e0 la Maison de Bartek soient \u00e9tablies en partenariat avec la Ville de Strasbourg afin de promouvoir les dimensions \u00e9co-responsable, ville verte et ville soucieuse du bien-\u00eatre de ses habitants. L\u2019objectif est \u00e9galement de tenir compte des enjeux de notre \u00e9poque par le biais de r\u00e9ponses innovantes.<\/p>\n","protected":false},"excerpt":{"rendered":"<p>Description du projet Cr\u00e9ation d\u2019un espace convivial de rencontres, d\u2019\u00e9changes et d\u2019actions culturelles, \u00e9ducatives et sociales. Notre approche holistique permet, dans un m\u00eame endroit, de r\u00e9unir et d\u00e9velopper tous les aspects de la vie saine et \u00e9co-responsable. A travers ses diverses actions, ce lieu veut promouvoir la prise de conscience individuelle et collective, les gestes &hellip; <\/p>\n<p class=\"link-more\"><a href=\"https:\/\/maisondebartek.eu\/?page_id=58\" class=\"more-link\">Continuer la lecture<span class=\"screen-reader-text\"> de &laquo;&nbsp;Concept de la Maison de Bartek&nbsp;&raquo;<\/span><\/a><\/p>\n","protected":false},"author":1,"featured_media":0,"parent":0,"menu_order":0,"comment_status":"closed","ping_status":"closed","template":"","meta":{"footnotes":""},"class_list":["post-58","page","type-page","status-publish","hentry"],"_links":{"self":[{"href":"https:\/\/maisondebartek.eu\/index.php?rest_route=\/wp\/v2\/pages\/58","targetHints":{"allow":["GET"]}}],"collection":[{"href":"https:\/\/maisondebartek.eu\/index.php?rest_route=\/wp\/v2\/pages"}],"about":[{"href":"https:\/\/maisondebartek.eu\/index.php?rest_route=\/wp\/v2\/types\/page"}],"author":[{"embeddable":true,"href":"https:\/\/maisondebartek.eu\/index.php?rest_route=\/wp\/v2\/users\/1"}],"replies":[{"embeddable":true,"href":"https:\/\/maisondebartek.eu\/index.php?rest_route=%2Fwp%2Fv2%2Fcomments&post=58"}],"version-history":[{"count":4,"href":"https:\/\/maisondebartek.eu\/index.php?rest_route=\/wp\/v2\/pages\/58\/revisions"}],"predecessor-version":[{"id":66,"href":"https:\/\/maisondebartek.eu\/index.php?rest_route=\/wp\/v2\/pages\/58\/revisions\/66"}],"wp:attachment":[{"href":"https:\/\/maisondebartek.eu\/index.php?rest_route=%2Fwp%2Fv2%2Fmedia&parent=58"}],"curies":[{"name":"wp","href":"https:\/\/api.w.org\/{rel}","templated":true}]}}