{"id":12,"date":"2023-08-31T11:42:09","date_gmt":"2023-08-31T09:42:09","guid":{"rendered":"http:\/\/maisondebartek.eu\/?page_id=12"},"modified":"2024-08-20T11:14:48","modified_gmt":"2024-08-20T09:14:48","slug":"une-section-de-page-daccueil","status":"publish","type":"page","link":"https:\/\/maisondebartek.eu\/?page_id=12","title":{"rendered":"Qui \u00e9tait Bartek\u00a0?"},"content":{"rendered":"\n<p>Bartek repr\u00e9sentait cette union pour la d\u00e9fense de la diversit\u00e9 des cultures et des religions, pour la paix, pour l\u2019humanisme.<\/p>\n\n\n\n<p>On dit souvent aussi que Bartek \u00e9tait le monde \u00e0 lui seul. Professeur de yiddish et d\u00e9fenseur des Palestiniens, danseur traditionnel et journaliste europ\u00e9en, r\u00e9parateur de v\u00e9los et amoureux de bande-dessin\u00e9e, polonais et fran\u00e7ais, h\u00e9t\u00e9ro et homo, guide et barman, historien et f\u00eatard : il repr\u00e9sentait aussi nos paradoxes et nos incoh\u00e9rences. Comme le monde qu\u2019il a connu.<br><br>Bartek \u00e9tait Strasbourg, Bartek \u00e9tait l\u2019UE, Bartek \u00e9tait le monde. Et m\u00eame si notre monde s\u2019\u00e9croule, nous continuerons avec ferveur, mais sans haine, \u00e0 revendiquer, \u00e0 d\u00e9fendre et \u00e0 relayer les causes qu\u2019il d\u00e9fendait (en dormant le moins possible, comme lui !).<\/p>\n\n\n\n<p><br>[ Ses amis et coll\u00e8gues journalistes&nbsp;: Mathilde, Ninon, Jeanne, Bernadette, Luc \u2026 et beaucoup d\u2019autres ! pour Radio MNE, L\u2019Alterpresse68, Radio Rhino et Europhonica.]<\/p>\n\n\n\n<p>Bartek fut victime de l&rsquo;attentat au march\u00e9 de No\u00ebl de Strasbourg le 11\/12\/2018<\/p>\n\n\n\n<figure class=\"wp-block-image size-full\"><img loading=\"lazy\" decoding=\"async\" width=\"745\" height=\"559\" src=\"https:\/\/maisondebartek.eu\/wp-content\/uploads\/2023\/12\/IMG_3972.jpg\" alt=\"\" class=\"wp-image-117\" srcset=\"https:\/\/maisondebartek.eu\/wp-content\/uploads\/2023\/12\/IMG_3972.jpg 745w, https:\/\/maisondebartek.eu\/wp-content\/uploads\/2023\/12\/IMG_3972-300x225.jpg 300w\" sizes=\"auto, (max-width: 706px) 89vw, (max-width: 767px) 82vw, 740px\" \/><\/figure>\n","protected":false},"excerpt":{"rendered":"<p>Bartek repr\u00e9sentait cette union pour la d\u00e9fense de la diversit\u00e9 des cultures et des religions, pour la paix, pour l\u2019humanisme. On dit souvent aussi que Bartek \u00e9tait le monde \u00e0 lui seul. Professeur de yiddish et d\u00e9fenseur des Palestiniens, danseur traditionnel et journaliste europ\u00e9en, r\u00e9parateur de v\u00e9los et amoureux de bande-dessin\u00e9e, polonais et fran\u00e7ais, h\u00e9t\u00e9ro &hellip; <\/p>\n<p class=\"link-more\"><a href=\"https:\/\/maisondebartek.eu\/?page_id=12\" class=\"more-link\">Continuer la lecture<span class=\"screen-reader-text\"> de &laquo;&nbsp;Qui \u00e9tait Bartek\u00a0?&nbsp;&raquo;<\/span><\/a><\/p>\n","protected":false},"author":1,"featured_media":44,"parent":0,"menu_order":0,"comment_status":"closed","ping_status":"closed","template":"","meta":{"footnotes":""},"class_list":["post-12","page","type-page","status-publish","has-post-thumbnail","hentry"],"_links":{"self":[{"href":"https:\/\/maisondebartek.eu\/index.php?rest_route=\/wp\/v2\/pages\/12","targetHints":{"allow":["GET"]}}],"collection":[{"href":"https:\/\/maisondebartek.eu\/index.php?rest_route=\/wp\/v2\/pages"}],"about":[{"href":"https:\/\/maisondebartek.eu\/index.php?rest_route=\/wp\/v2\/types\/page"}],"author":[{"embeddable":true,"href":"https:\/\/maisondebartek.eu\/index.php?rest_route=\/wp\/v2\/users\/1"}],"replies":[{"embeddable":true,"href":"https:\/\/maisondebartek.eu\/index.php?rest_route=%2Fwp%2Fv2%2Fcomments&post=12"}],"version-history":[{"count":6,"href":"https:\/\/maisondebartek.eu\/index.php?rest_route=\/wp\/v2\/pages\/12\/revisions"}],"predecessor-version":[{"id":572,"href":"https:\/\/maisondebartek.eu\/index.php?rest_route=\/wp\/v2\/pages\/12\/revisions\/572"}],"wp:featuredmedia":[{"embeddable":true,"href":"https:\/\/maisondebartek.eu\/index.php?rest_route=\/wp\/v2\/media\/44"}],"wp:attachment":[{"href":"https:\/\/maisondebartek.eu\/index.php?rest_route=%2Fwp%2Fv2%2Fmedia&parent=12"}],"curies":[{"name":"wp","href":"https:\/\/api.w.org\/{rel}","templated":true}]}}